{"id":5867,"date":"2024-08-07T10:48:43","date_gmt":"2024-08-07T13:48:43","guid":{"rendered":"https:\/\/sbplaw.com.br\/?page_id=5867"},"modified":"2024-09-25T10:39:01","modified_gmt":"2024-09-25T13:39:01","slug":"worldwide-independent-lawyers-league","status":"publish","type":"page","link":"https:\/\/sbplaw.com.br\/en\/worldwide-independent-lawyers-league\/","title":{"rendered":"Worldwide Independent Lawyers League"},"content":{"rendered":"<div data-elementor-type=\"wp-page\" data-elementor-id=\"5867\" class=\"elementor elementor-5867\" data-elementor-post-type=\"page\">\n\t\t\t\t<div class=\"elementor-element elementor-element-46cc792 e-flex e-con-boxed e-con e-parent\" data-id=\"46cc792\" data-element_type=\"container\" data-e-type=\"container\" data-settings=\"{&quot;background_background&quot;:&quot;classic&quot;}\">\n\t\t\t\t\t<div class=\"e-con-inner\">\n\t\t<div class=\"elementor-element elementor-element-8cf1482 e-con-full e-flex e-con e-child\" data-id=\"8cf1482\" data-element_type=\"container\" data-e-type=\"container\" data-settings=\"{&quot;animation&quot;:&quot;none&quot;,&quot;animation_delay&quot;:200}\">\n\t\t\t\t<div class=\"elementor-element elementor-element-d6fb427 elementor-widget elementor-widget-image\" data-id=\"d6fb427\" data-element_type=\"widget\" data-e-type=\"widget\" data-widget_type=\"image.default\">\n\t\t\t\t<div class=\"elementor-widget-container\">\n\t\t\t\t\t\t\t\t\t\t\t\t\t\t\t<img fetchpriority=\"high\" decoding=\"async\" width=\"1024\" height=\"256\" src=\"https:\/\/sbplaw.com.br\/wp-content\/uploads\/2022\/01\/LOGO-WILL-branco.svg\" class=\"attachment-large size-large wp-image-5578\" alt=\"\" \/>\t\t\t\t\t\t\t\t\t\t\t\t\t\t\t<\/div>\n\t\t\t\t<\/div>\n\t\t\t\t<\/div>\n\t\t\t\t\t<\/div>\n\t\t\t\t<\/div>\n\t\t<div class=\"elementor-element elementor-element-9bf6fe8 e-flex e-con-boxed e-con e-parent\" data-id=\"9bf6fe8\" data-element_type=\"container\" data-e-type=\"container\">\n\t\t\t\t\t<div class=\"e-con-inner\">\n\t\t\t\t<div class=\"elementor-element elementor-element-de4923f elementor-widget elementor-widget-heading\" data-id=\"de4923f\" data-element_type=\"widget\" data-e-type=\"widget\" data-widget_type=\"heading.default\">\n\t\t\t\t<div class=\"elementor-widget-container\">\n\t\t\t\t\t<h2 class=\"elementor-heading-title elementor-size-default\">Sua empresa em qualquer lugar do mundo, nosso suporte jur\u00eddico a um passo<\/h2>\t\t\t\t<\/div>\n\t\t\t\t<\/div>\n\t\t\t\t<div class=\"elementor-element elementor-element-2e69229 elementor-widget elementor-widget-text-editor\" data-id=\"2e69229\" data-element_type=\"widget\" data-e-type=\"widget\" data-widget_type=\"text-editor.default\">\n\t\t\t\t<div class=\"elementor-widget-container\">\n\t\t\t\t\t\t\t\t\t<p>Em um mundo cada vez mais globalizado, as empresas precisam de parceiros jur\u00eddicos que as acompanhem em seus desafios e conquistas internacionais.<\/p><p>\u00c9 por isso que o nosso escrit\u00f3rio se orgulha de fazer parte da Worldwide Independent Lawyers League \u2013 WILL, uma alian\u00e7a global de advogados, fundada na It\u00e1lia, que conta com mais de 350 afiliados e est\u00e1 presente em mais de 75 pa\u00edses.<\/p><p>Ao integrar esta alian\u00e7a, nosso escrit\u00f3rio oferece aos clientes:<\/p>\t\t\t\t\t\t\t\t<\/div>\n\t\t\t\t<\/div>\n\t\t<div class=\"elementor-element elementor-element-4c1bb8c e-con-full e-grid e-con e-child\" data-id=\"4c1bb8c\" data-element_type=\"container\" data-e-type=\"container\" data-settings=\"{&quot;background_background&quot;:&quot;classic&quot;}\">\n\t\t<div class=\"elementor-element elementor-element-a7553ae e-con-full e-flex e-con e-child\" data-id=\"a7553ae\" data-element_type=\"container\" data-e-type=\"container\" data-settings=\"{&quot;background_background&quot;:&quot;classic&quot;}\">\n\t\t\t\t<div class=\"elementor-element elementor-element-3ab96f1 elementor-widget elementor-widget-text-editor\" data-id=\"3ab96f1\" data-element_type=\"widget\" data-e-type=\"widget\" data-widget_type=\"text-editor.default\">\n\t\t\t\t<div class=\"elementor-widget-container\">\n\t\t\t\t\t\t\t\t\t<p><strong>Acesso a uma rede global de especialistas:<\/strong> a WILL conta com uma equipe de advogados experientes em diversas \u00e1reas do direito, prontos para atender demandas jur\u00eddicas em qualquer lugar do mundo.<\/p>\t\t\t\t\t\t\t\t<\/div>\n\t\t\t\t<\/div>\n\t\t\t\t<\/div>\n\t\t<div class=\"elementor-element elementor-element-c9d6b25 e-con-full e-flex e-con e-child\" data-id=\"c9d6b25\" data-element_type=\"container\" data-e-type=\"container\" data-settings=\"{&quot;background_background&quot;:&quot;classic&quot;}\">\n\t\t\t\t<div class=\"elementor-element elementor-element-fb30065 elementor-widget elementor-widget-text-editor\" data-id=\"fb30065\" data-element_type=\"widget\" data-e-type=\"widget\" data-widget_type=\"text-editor.default\">\n\t\t\t\t<div class=\"elementor-widget-container\">\n\t\t\t\t\t\t\t\t\t<p><strong>Seguran\u00e7a e tranquilidade:<\/strong> saber que voc\u00ea tem o apoio de uma equipe jur\u00eddica experiente e qualificada em diferentes pa\u00edses lhe dar\u00e1 a seguran\u00e7a e a tranquilidade para focar no que realmente importa: o crescimento do seu neg\u00f3cio.<\/p>\t\t\t\t\t\t\t\t<\/div>\n\t\t\t\t<\/div>\n\t\t\t\t<\/div>\n\t\t<div class=\"elementor-element elementor-element-3687cf2 e-con-full e-flex e-con e-child\" data-id=\"3687cf2\" data-element_type=\"container\" data-e-type=\"container\" data-settings=\"{&quot;background_background&quot;:&quot;classic&quot;}\">\n\t\t\t\t<div class=\"elementor-element elementor-element-63e6597 elementor-widget elementor-widget-text-editor\" data-id=\"63e6597\" data-element_type=\"widget\" data-e-type=\"widget\" data-widget_type=\"text-editor.default\">\n\t\t\t\t<div class=\"elementor-widget-container\">\n\t\t\t\t\t\t\t\t\t<p><strong>Conhecimento profundo das leis internacionais:<\/strong> os profissionais que integram a WILL est\u00e3o constantemente atualizados sobre as legisla\u00e7\u00f5es e regulamenta\u00e7\u00f5es de diferentes pa\u00edses, garantindo que voc\u00ea esteja as leis locais.<\/p>\t\t\t\t\t\t\t\t<\/div>\n\t\t\t\t<\/div>\n\t\t\t\t<\/div>\n\t\t<div class=\"elementor-element elementor-element-3599e5c e-con-full e-flex e-con e-child\" data-id=\"3599e5c\" data-element_type=\"container\" data-e-type=\"container\" data-settings=\"{&quot;background_background&quot;:&quot;classic&quot;}\">\n\t\t\t\t<div class=\"elementor-element elementor-element-2eb0387 elementor-widget elementor-widget-text-editor\" data-id=\"2eb0387\" data-element_type=\"widget\" data-e-type=\"widget\" data-widget_type=\"text-editor.default\">\n\t\t\t\t<div class=\"elementor-widget-container\">\n\t\t\t\t\t\t\t\t\t<p><strong>Agilidade e efici\u00eancia:<\/strong> atrav\u00e9s da nossa rede global de parceiros, podemos oferecer solu\u00e7\u00f5es jur\u00eddicas r\u00e1pidas e eficientes para seus desafios internacionais, sem a necessidade de intermedi\u00e1rios.<\/p>\t\t\t\t\t\t\t\t<\/div>\n\t\t\t\t<\/div>\n\t\t\t\t<\/div>\n\t\t\t\t<\/div>\n\t\t\t\t\t<\/div>\n\t\t\t\t<\/div>\n\t\t\t\t<\/div>","protected":false},"excerpt":{"rendered":"<p>Sua empresa em qualquer lugar do mundo, nosso suporte jur\u00eddico a um passo Em um mundo cada vez mais globalizado, as empresas precisam de parceiros jur\u00eddicos que as acompanhem em seus desafios e conquistas internacionais. \u00c9 por isso que o nosso escrit\u00f3rio se orgulha de fazer parte da Worldwide Independent Lawyers League \u2013 WILL, uma [&hellip;]<\/p>","protected":false},"author":1,"featured_media":0,"parent":0,"menu_order":0,"comment_status":"closed","ping_status":"closed","template":"","meta":{"site-sidebar-layout":"no-sidebar","site-content-layout":"page-builder","ast-site-content-layout":"full-width-container","site-content-style":"default","site-sidebar-style":"default","ast-global-header-display":"","ast-banner-title-visibility":"","ast-main-header-display":"","ast-hfb-above-header-display":"","ast-hfb-below-header-display":"","ast-hfb-mobile-header-display":"","site-post-title":"disabled","ast-breadcrumbs-content":"","ast-featured-img":"disabled","footer-sml-layout":"","ast-disable-related-posts":"","theme-transparent-header-meta":"","adv-header-id-meta":"","stick-header-meta":"","header-above-stick-meta":"","header-main-stick-meta":"","header-below-stick-meta":"","astra-migrate-meta-layouts":"set","ast-page-background-enabled":"default","ast-page-background-meta":{"desktop":{"background-color":"var(--ast-global-color-4)","background-image":"","background-repeat":"repeat","background-position":"center center","background-size":"auto","background-attachment":"scroll","background-type":"","background-media":"","overlay-type":"","overlay-color":"","overlay-opacity":"","overlay-gradient":""},"tablet":{"background-color":"","background-image":"","background-repeat":"repeat","background-position":"center center","background-size":"auto","background-attachment":"scroll","background-type":"","background-media":"","overlay-type":"","overlay-color":"","overlay-opacity":"","overlay-gradient":""},"mobile":{"background-color":"","background-image":"","background-repeat":"repeat","background-position":"center center","background-size":"auto","background-attachment":"scroll","background-type":"","background-media":"","overlay-type":"","overlay-color":"","overlay-opacity":"","overlay-gradient":""}},"ast-content-background-meta":{"desktop":{"background-color":"var(--ast-global-color-5)","background-image":"","background-repeat":"repeat","background-position":"center center","background-size":"auto","background-attachment":"scroll","background-type":"","background-media":"","overlay-type":"","overlay-color":"","overlay-opacity":"","overlay-gradient":""},"tablet":{"background-color":"var(--ast-global-color-5)","background-image":"","background-repeat":"repeat","background-position":"center center","background-size":"auto","background-attachment":"scroll","background-type":"","background-media":"","overlay-type":"","overlay-color":"","overlay-opacity":"","overlay-gradient":""},"mobile":{"background-color":"var(--ast-global-color-5)","background-image":"","background-repeat":"repeat","background-position":"center center","background-size":"auto","background-attachment":"scroll","background-type":"","background-media":"","overlay-type":"","overlay-color":"","overlay-opacity":"","overlay-gradient":""}},"footnotes":""},"class_list":["post-5867","page","type-page","status-publish","hentry"],"aioseo_notices":[],"_links":{"self":[{"href":"https:\/\/sbplaw.com.br\/en\/wp-json\/wp\/v2\/pages\/5867"}],"collection":[{"href":"https:\/\/sbplaw.com.br\/en\/wp-json\/wp\/v2\/pages"}],"about":[{"href":"https:\/\/sbplaw.com.br\/en\/wp-json\/wp\/v2\/types\/page"}],"author":[{"embeddable":true,"href":"https:\/\/sbplaw.com.br\/en\/wp-json\/wp\/v2\/users\/1"}],"replies":[{"embeddable":true,"href":"https:\/\/sbplaw.com.br\/en\/wp-json\/wp\/v2\/comments?post=5867"}],"version-history":[{"count":44,"href":"https:\/\/sbplaw.com.br\/en\/wp-json\/wp\/v2\/pages\/5867\/revisions"}],"predecessor-version":[{"id":6198,"href":"https:\/\/sbplaw.com.br\/en\/wp-json\/wp\/v2\/pages\/5867\/revisions\/6198"}],"wp:attachment":[{"href":"https:\/\/sbplaw.com.br\/en\/wp-json\/wp\/v2\/media?parent=5867"}],"curies":[{"name":"wp","href":"https:\/\/api.w.org\/{rel}","templated":true}]}}