{"id":5687,"date":"2024-08-06T21:56:09","date_gmt":"2024-08-07T00:56:09","guid":{"rendered":"https:\/\/sbplaw.com.br\/?page_id=5687"},"modified":"2024-09-25T10:34:31","modified_gmt":"2024-09-25T13:34:31","slug":"civel-e-societario","status":"publish","type":"page","link":"https:\/\/sbplaw.com.br\/en\/civel-e-societario\/","title":{"rendered":"C\u00edvel e Societ\u00e1rio"},"content":{"rendered":"<div data-elementor-type=\"wp-page\" data-elementor-id=\"5687\" class=\"elementor elementor-5687\" data-elementor-post-type=\"page\">\n\t\t\t\t<div class=\"elementor-element elementor-element-46cc792 e-flex e-con-boxed e-con e-parent\" data-id=\"46cc792\" data-element_type=\"container\" data-e-type=\"container\" data-settings=\"{&quot;background_background&quot;:&quot;classic&quot;}\">\n\t\t\t\t\t<div class=\"e-con-inner\">\n\t\t<div class=\"elementor-element elementor-element-8cf1482 e-con-full e-flex e-con e-child\" data-id=\"8cf1482\" data-element_type=\"container\" data-e-type=\"container\" data-settings=\"{&quot;animation&quot;:&quot;none&quot;,&quot;animation_delay&quot;:200}\">\n\t\t\t\t<div class=\"elementor-element elementor-element-9a88b48 elementor-widget elementor-widget-heading\" data-id=\"9a88b48\" data-element_type=\"widget\" data-e-type=\"widget\" data-settings=\"{&quot;_animation&quot;:&quot;none&quot;}\" data-widget_type=\"heading.default\">\n\t\t\t\t<div class=\"elementor-widget-container\">\n\t\t\t\t\t<h2 class=\"elementor-heading-title elementor-size-default\">\u00c1reas de Atua\u00e7\u00e3o<\/h2>\t\t\t\t<\/div>\n\t\t\t\t<\/div>\n\t\t\t\t<\/div>\n\t\t\t\t\t<\/div>\n\t\t\t\t<\/div>\n\t\t<div class=\"elementor-element elementor-element-db71669 e-flex e-con-boxed e-con e-parent\" data-id=\"db71669\" data-element_type=\"container\" data-e-type=\"container\">\n\t\t\t\t\t<div class=\"e-con-inner\">\n\t\t\t\t<div class=\"elementor-element elementor-element-b946cef elementor-widget elementor-widget-heading\" data-id=\"b946cef\" data-element_type=\"widget\" data-e-type=\"widget\" data-widget_type=\"heading.default\">\n\t\t\t\t<div class=\"elementor-widget-container\">\n\t\t\t\t\t<h2 class=\"elementor-heading-title elementor-size-default\">C\u00edvel e Societ\u00e1rio<\/h2>\t\t\t\t<\/div>\n\t\t\t\t<\/div>\n\t\t\t\t<div class=\"elementor-element elementor-element-f5c412a elementor-widget elementor-widget-text-editor\" data-id=\"f5c412a\" data-element_type=\"widget\" data-e-type=\"widget\" data-widget_type=\"text-editor.default\">\n\t\t\t\t<div class=\"elementor-widget-container\">\n\t\t\t\t\t\t\t\t\t<p>Nossa atua\u00e7\u00e3o abrange consultoria, preven\u00e7\u00e3o e contencioso judicial.<\/p><p><strong>Os principais servi\u00e7os incluem:<\/strong><\/p>\t\t\t\t\t\t\t\t<\/div>\n\t\t\t\t<\/div>\n\t\t<div class=\"elementor-element elementor-element-dfa6752 e-grid e-con-boxed e-con e-child\" data-id=\"dfa6752\" data-element_type=\"container\" data-e-type=\"container\">\n\t\t\t\t\t<div class=\"e-con-inner\">\n\t\t\t\t<div class=\"elementor-element elementor-element-c446e7d elementor-widget elementor-widget-text-editor\" data-id=\"c446e7d\" data-element_type=\"widget\" data-e-type=\"widget\" data-widget_type=\"text-editor.default\">\n\t\t\t\t<div class=\"elementor-widget-container\">\n\t\t\t\t\t\t\t\t\t<p><span style=\"color: #0a4e9b;\"><b>| ELABORA\u00c7\u00c3O, NEGOCIA\u00c7\u00c3O E REVIS\u00c3O DE CONTRATOS E DOCUMENTOS SOCIET\u00c1RIOS<br \/><\/b><\/span>Elabora\u00e7\u00e3o, negocia\u00e7\u00e3o e revis\u00e3o de contratos, acordos comerciais e documentos societ\u00e1rios para atender \u00e0s necessidades e interesses dos clientes.<\/p><p><span style=\"font-weight: bold; color: #0a4e9b;\">| ESTRUTURA\u00c7\u00c3O E IMPLEMENTA\u00c7\u00c3O DE<br \/>MODELOS DE NEG\u00d3CIOS<\/span><b><br \/><\/b>Apoio a startups, empresas e empres\u00e1rios na estrutura\u00e7\u00e3o e implementa\u00e7\u00e3o de modelos de neg\u00f3cios, parcerias e joint ventures.<\/p><p><span style=\"color: #0a4e9b;\"><b>| COMPRA E VENDA DE EMPRESAS<br \/><\/b><\/span>Assessoria jur\u00eddica na estrutura\u00e7\u00e3o e execu\u00e7\u00e3o de opera\u00e7\u00f5es de compra e venda de empresas.<\/p>\t\t\t\t\t\t\t\t<\/div>\n\t\t\t\t<\/div>\n\t\t\t\t<div class=\"elementor-element elementor-element-5e6990a elementor-widget elementor-widget-text-editor\" data-id=\"5e6990a\" data-element_type=\"widget\" data-e-type=\"widget\" data-widget_type=\"text-editor.default\">\n\t\t\t\t<div class=\"elementor-widget-container\">\n\t\t\t\t\t\t\t\t\t<p><span style=\"font-weight: bold; color: #0a4e9b;\">| PREVEN\u00c7\u00c3O DE LIT\u00cdGIOS E MITIGA\u00c7\u00c3O DE RISCOS LEGAIS<\/span><b><br \/><\/b>Mapeamento de riscos e defini\u00e7\u00e3o de estrat\u00e9gias para prevenir conflitos e alocar riscos legais de forma eficiente no \u00e2mbito c\u00edvel, consumerista e societ\u00e1rio.<\/p><p><span style=\"font-weight: bold; color: #0a4e9b;\">| ELABORA\u00c7\u00c3O DE PARECERES E OPINI\u00d5ES LEGAIS<\/span><b><br \/><\/b>Elabora\u00e7\u00e3o de pareceres e opini\u00f5es legais em direito civil, consumidor, contratos e societ\u00e1rio para auxiliar na tomada de decis\u00f5es.<\/p><p><span style=\"font-weight: bold; color: #0a4e9b;\">| CONTENCIOSO C\u00cdVEL ESTRAT\u00c9GICO<\/span><b><br \/><\/b>Defini\u00e7\u00e3o de estrat\u00e9gias processuais, elabora\u00e7\u00e3o de pe\u00e7as processuais, participa\u00e7\u00e3o em audi\u00eancias e sustenta\u00e7\u00f5es orais para defender os interesses dos clientes no \u00e2mbito c\u00edvel, contratual, societ\u00e1rio e empresarial.<\/p>\t\t\t\t\t\t\t\t<\/div>\n\t\t\t\t<\/div>\n\t\t\t\t\t<\/div>\n\t\t\t\t<\/div>\n\t\t\t\t\t<\/div>\n\t\t\t\t<\/div>\n\t\t\t\t<\/div>","protected":false},"excerpt":{"rendered":"<p>\u00c1reas de Atua\u00e7\u00e3o C\u00edvel e Societ\u00e1rio Nossa atua\u00e7\u00e3o abrange consultoria, preven\u00e7\u00e3o e contencioso judicial. Os principais servi\u00e7os incluem: | ELABORA\u00c7\u00c3O, NEGOCIA\u00c7\u00c3O E REVIS\u00c3O DE CONTRATOS E DOCUMENTOS SOCIET\u00c1RIOSElabora\u00e7\u00e3o, negocia\u00e7\u00e3o e revis\u00e3o de contratos, acordos comerciais e documentos societ\u00e1rios para atender \u00e0s necessidades e interesses dos clientes. | ESTRUTURA\u00c7\u00c3O E IMPLEMENTA\u00c7\u00c3O DEMODELOS DE NEG\u00d3CIOSApoio a startups, [&hellip;]<\/p>","protected":false},"author":1,"featured_media":0,"parent":0,"menu_order":0,"comment_status":"closed","ping_status":"closed","template":"","meta":{"site-sidebar-layout":"no-sidebar","site-content-layout":"page-builder","ast-site-content-layout":"full-width-container","site-content-style":"default","site-sidebar-style":"default","ast-global-header-display":"","ast-banner-title-visibility":"","ast-main-header-display":"","ast-hfb-above-header-display":"","ast-hfb-below-header-display":"","ast-hfb-mobile-header-display":"","site-post-title":"disabled","ast-breadcrumbs-content":"","ast-featured-img":"disabled","footer-sml-layout":"","ast-disable-related-posts":"","theme-transparent-header-meta":"","adv-header-id-meta":"","stick-header-meta":"","header-above-stick-meta":"","header-main-stick-meta":"","header-below-stick-meta":"","astra-migrate-meta-layouts":"set","ast-page-background-enabled":"default","ast-page-background-meta":{"desktop":{"background-color":"var(--ast-global-color-4)","background-image":"","background-repeat":"repeat","background-position":"center center","background-size":"auto","background-attachment":"scroll","background-type":"","background-media":"","overlay-type":"","overlay-color":"","overlay-opacity":"","overlay-gradient":""},"tablet":{"background-color":"","background-image":"","background-repeat":"repeat","background-position":"center center","background-size":"auto","background-attachment":"scroll","background-type":"","background-media":"","overlay-type":"","overlay-color":"","overlay-opacity":"","overlay-gradient":""},"mobile":{"background-color":"","background-image":"","background-repeat":"repeat","background-position":"center center","background-size":"auto","background-attachment":"scroll","background-type":"","background-media":"","overlay-type":"","overlay-color":"","overlay-opacity":"","overlay-gradient":""}},"ast-content-background-meta":{"desktop":{"background-color":"var(--ast-global-color-5)","background-image":"","background-repeat":"repeat","background-position":"center center","background-size":"auto","background-attachment":"scroll","background-type":"","background-media":"","overlay-type":"","overlay-color":"","overlay-opacity":"","overlay-gradient":""},"tablet":{"background-color":"var(--ast-global-color-5)","background-image":"","background-repeat":"repeat","background-position":"center center","background-size":"auto","background-attachment":"scroll","background-type":"","background-media":"","overlay-type":"","overlay-color":"","overlay-opacity":"","overlay-gradient":""},"mobile":{"background-color":"var(--ast-global-color-5)","background-image":"","background-repeat":"repeat","background-position":"center center","background-size":"auto","background-attachment":"scroll","background-type":"","background-media":"","overlay-type":"","overlay-color":"","overlay-opacity":"","overlay-gradient":""}},"footnotes":""},"class_list":["post-5687","page","type-page","status-publish","hentry"],"aioseo_notices":[],"_links":{"self":[{"href":"https:\/\/sbplaw.com.br\/en\/wp-json\/wp\/v2\/pages\/5687"}],"collection":[{"href":"https:\/\/sbplaw.com.br\/en\/wp-json\/wp\/v2\/pages"}],"about":[{"href":"https:\/\/sbplaw.com.br\/en\/wp-json\/wp\/v2\/types\/page"}],"author":[{"embeddable":true,"href":"https:\/\/sbplaw.com.br\/en\/wp-json\/wp\/v2\/users\/1"}],"replies":[{"embeddable":true,"href":"https:\/\/sbplaw.com.br\/en\/wp-json\/wp\/v2\/comments?post=5687"}],"version-history":[{"count":28,"href":"https:\/\/sbplaw.com.br\/en\/wp-json\/wp\/v2\/pages\/5687\/revisions"}],"predecessor-version":[{"id":6183,"href":"https:\/\/sbplaw.com.br\/en\/wp-json\/wp\/v2\/pages\/5687\/revisions\/6183"}],"wp:attachment":[{"href":"https:\/\/sbplaw.com.br\/en\/wp-json\/wp\/v2\/media?parent=5687"}],"curies":[{"name":"wp","href":"https:\/\/api.w.org\/{rel}","templated":true}]}}