{"id":5685,"date":"2024-08-06T21:56:17","date_gmt":"2024-08-07T00:56:17","guid":{"rendered":"https:\/\/sbplaw.com.br\/?page_id=5685"},"modified":"2024-09-25T10:35:23","modified_gmt":"2024-09-25T13:35:23","slug":"planejamento-patrimonial-e-sucessorio","status":"publish","type":"page","link":"https:\/\/sbplaw.com.br\/en\/planejamento-patrimonial-e-sucessorio\/","title":{"rendered":"Planejamento Patrimonial e Sucess\u00f3rio"},"content":{"rendered":"<div data-elementor-type=\"wp-page\" data-elementor-id=\"5685\" class=\"elementor elementor-5685\" data-elementor-post-type=\"page\">\n\t\t\t\t<div class=\"elementor-element elementor-element-46cc792 e-flex e-con-boxed e-con e-parent\" data-id=\"46cc792\" data-element_type=\"container\" data-e-type=\"container\" data-settings=\"{&quot;background_background&quot;:&quot;classic&quot;}\">\n\t\t\t\t\t<div class=\"e-con-inner\">\n\t\t<div class=\"elementor-element elementor-element-8cf1482 e-con-full e-flex e-con e-child\" data-id=\"8cf1482\" data-element_type=\"container\" data-e-type=\"container\" data-settings=\"{&quot;animation&quot;:&quot;none&quot;,&quot;animation_delay&quot;:200}\">\n\t\t\t\t<div class=\"elementor-element elementor-element-9a88b48 elementor-widget elementor-widget-heading\" data-id=\"9a88b48\" data-element_type=\"widget\" data-e-type=\"widget\" data-settings=\"{&quot;_animation&quot;:&quot;none&quot;}\" data-widget_type=\"heading.default\">\n\t\t\t\t<div class=\"elementor-widget-container\">\n\t\t\t\t\t<h2 class=\"elementor-heading-title elementor-size-default\">\u00c1reas de Atua\u00e7\u00e3o<\/h2>\t\t\t\t<\/div>\n\t\t\t\t<\/div>\n\t\t\t\t<\/div>\n\t\t\t\t\t<\/div>\n\t\t\t\t<\/div>\n\t\t<div class=\"elementor-element elementor-element-43fcb92 e-flex e-con-boxed e-con e-parent\" data-id=\"43fcb92\" data-element_type=\"container\" data-e-type=\"container\">\n\t\t\t\t\t<div class=\"e-con-inner\">\n\t\t\t\t<div class=\"elementor-element elementor-element-0bb94c1 elementor-widget elementor-widget-heading\" data-id=\"0bb94c1\" data-element_type=\"widget\" data-e-type=\"widget\" data-widget_type=\"heading.default\">\n\t\t\t\t<div class=\"elementor-widget-container\">\n\t\t\t\t\t<h2 class=\"elementor-heading-title elementor-size-default\">Planejamento Patrimonial e Sucess\u00f3rio<\/h2>\t\t\t\t<\/div>\n\t\t\t\t<\/div>\n\t\t\t\t<div class=\"elementor-element elementor-element-a6c7b96 elementor-widget elementor-widget-text-editor\" data-id=\"a6c7b96\" data-element_type=\"widget\" data-e-type=\"widget\" data-widget_type=\"text-editor.default\">\n\t\t\t\t<div class=\"elementor-widget-container\">\n\t\t\t\t\t\t\t\t\t<p>Estruturamos e implementamos planejamentos sucess\u00f3rios e reorganiza\u00e7\u00f5es patrimoniais para clientes pessoas f\u00edsicas, analisando o patrim\u00f4nio do cliente e identificando estruturas jur\u00eddicas para organizar a sucess\u00e3o, mitigar conflitos, proteger e perpetuar o patrim\u00f4nio e buscar efici\u00eancia fiscal.<\/p><p><strong>Servi\u00e7os que oferecemos:<\/strong><\/p>\t\t\t\t\t\t\t\t<\/div>\n\t\t\t\t<\/div>\n\t\t<div class=\"elementor-element elementor-element-7c52c50 e-grid e-con-boxed e-con e-child\" data-id=\"7c52c50\" data-element_type=\"container\" data-e-type=\"container\">\n\t\t\t\t\t<div class=\"e-con-inner\">\n\t\t\t\t<div class=\"elementor-element elementor-element-ba1a1a6 elementor-widget elementor-widget-text-editor\" data-id=\"ba1a1a6\" data-element_type=\"widget\" data-e-type=\"widget\" data-widget_type=\"text-editor.default\">\n\t\t\t\t<div class=\"elementor-widget-container\">\n\t\t\t\t\t\t\t\t\t<p><span style=\"color: #0a4e9b;\"><b>| ELABORA\u00c7\u00c3O DE DOCUMENTOS\u00a0<br \/><\/b><\/span>\u2022 Contratos de doa\u00e7\u00e3o de bens com cl\u00e1usulas restritivas<br \/>e reserva de usufruto;<br \/>\u2022 Testamentos p\u00fablicos e particulares;<br \/>\u2022 Pactos antenupciais e uni\u00e3o est\u00e1vel;<br \/>\u2022 contratos de namoro;<br \/>\u2022 Diretivas antecipadas de vontade (testamento vital);<br \/>\u2022 Instrumentos de governan\u00e7a corporativa, como contratos\/ estatutos sociais e acordos de s\u00f3cios;<br \/>\u2022 Protocolo familiar.<\/p><p><span style=\"color: #0a4e9b;\"><b>| DECLARA\u00c7\u00d5ES FISCAIS\u00a0<br \/><\/b><\/span>\u2022 Declara\u00e7\u00e3o de Imposto de Renda da Pessoa F\u00edsica (DIRPF);<br \/>\u2022 Declara\u00e7\u00e3o de Capitais Brasileiros no Exterior (DCBE);<br \/>\u2022 Declara\u00e7\u00e3o de ITCMD.<\/p>\t\t\t\t\t\t\t\t<\/div>\n\t\t\t\t<\/div>\n\t\t\t\t<div class=\"elementor-element elementor-element-ab43b5b elementor-widget elementor-widget-text-editor\" data-id=\"ab43b5b\" data-element_type=\"widget\" data-e-type=\"widget\" data-widget_type=\"text-editor.default\">\n\t\t\t\t<div class=\"elementor-widget-container\">\n\t\t\t\t\t\t\t\t\t<p><span style=\"font-weight: bold; color: #0a4e9b;\">| CONSTITUI\u00c7\u00c3O DE SOCIEDADE E OUTRAS ENTIDADES<\/span><b><br \/><\/b>\u2022 Holdings imobili\u00e1rias, patrimoniais, familiares e de participa\u00e7\u00f5es;<br \/>\u2022 Sociedades offshore;<br \/>\u2022 Fundos de investimento no Brasil e no exterior;<br \/>\u2022 Trusts e funda\u00e7\u00f5es internacionais.<\/p><p><span style=\"font-weight: bold; color: #0a4e9b;\">| INVENT\u00c1RIOS, DIV\u00d3RCIOS E ALTERA\u00c7\u00c3O DE REGIMES DE BENS<\/span><b><br \/><\/b>\u2022 Invent\u00e1rios extrajudiciais;<br \/>\u2022 Invent\u00e1rios judiciais consensuais;<br \/>\u2022 Div\u00f3rcios consensuais;<br \/>\u2022 Processos judiciais de altera\u00e7\u00e3o de regime de bens para adequar interesses patrimoniais de c\u00f4njuges e companheiros.<\/p>\t\t\t\t\t\t\t\t<\/div>\n\t\t\t\t<\/div>\n\t\t\t\t\t<\/div>\n\t\t\t\t<\/div>\n\t\t\t\t\t<\/div>\n\t\t\t\t<\/div>\n\t\t\t\t<\/div>","protected":false},"excerpt":{"rendered":"<p>\u00c1reas de Atua\u00e7\u00e3o Planejamento Patrimonial e Sucess\u00f3rio Estruturamos e implementamos planejamentos sucess\u00f3rios e reorganiza\u00e7\u00f5es patrimoniais para clientes pessoas f\u00edsicas, analisando o patrim\u00f4nio do cliente e identificando estruturas jur\u00eddicas para organizar a sucess\u00e3o, mitigar conflitos, proteger e perpetuar o patrim\u00f4nio e buscar efici\u00eancia fiscal. Servi\u00e7os que oferecemos: | ELABORA\u00c7\u00c3O DE DOCUMENTOS\u00a0\u2022 Contratos de doa\u00e7\u00e3o de bens [&hellip;]<\/p>","protected":false},"author":1,"featured_media":0,"parent":0,"menu_order":0,"comment_status":"closed","ping_status":"closed","template":"","meta":{"site-sidebar-layout":"no-sidebar","site-content-layout":"page-builder","ast-site-content-layout":"full-width-container","site-content-style":"default","site-sidebar-style":"default","ast-global-header-display":"","ast-banner-title-visibility":"","ast-main-header-display":"","ast-hfb-above-header-display":"","ast-hfb-below-header-display":"","ast-hfb-mobile-header-display":"","site-post-title":"disabled","ast-breadcrumbs-content":"","ast-featured-img":"disabled","footer-sml-layout":"","ast-disable-related-posts":"","theme-transparent-header-meta":"","adv-header-id-meta":"","stick-header-meta":"","header-above-stick-meta":"","header-main-stick-meta":"","header-below-stick-meta":"","astra-migrate-meta-layouts":"set","ast-page-background-enabled":"default","ast-page-background-meta":{"desktop":{"background-color":"var(--ast-global-color-4)","background-image":"","background-repeat":"repeat","background-position":"center center","background-size":"auto","background-attachment":"scroll","background-type":"","background-media":"","overlay-type":"","overlay-color":"","overlay-opacity":"","overlay-gradient":""},"tablet":{"background-color":"","background-image":"","background-repeat":"repeat","background-position":"center center","background-size":"auto","background-attachment":"scroll","background-type":"","background-media":"","overlay-type":"","overlay-color":"","overlay-opacity":"","overlay-gradient":""},"mobile":{"background-color":"","background-image":"","background-repeat":"repeat","background-position":"center center","background-size":"auto","background-attachment":"scroll","background-type":"","background-media":"","overlay-type":"","overlay-color":"","overlay-opacity":"","overlay-gradient":""}},"ast-content-background-meta":{"desktop":{"background-color":"var(--ast-global-color-5)","background-image":"","background-repeat":"repeat","background-position":"center center","background-size":"auto","background-attachment":"scroll","background-type":"","background-media":"","overlay-type":"","overlay-color":"","overlay-opacity":"","overlay-gradient":""},"tablet":{"background-color":"var(--ast-global-color-5)","background-image":"","background-repeat":"repeat","background-position":"center center","background-size":"auto","background-attachment":"scroll","background-type":"","background-media":"","overlay-type":"","overlay-color":"","overlay-opacity":"","overlay-gradient":""},"mobile":{"background-color":"var(--ast-global-color-5)","background-image":"","background-repeat":"repeat","background-position":"center center","background-size":"auto","background-attachment":"scroll","background-type":"","background-media":"","overlay-type":"","overlay-color":"","overlay-opacity":"","overlay-gradient":""}},"footnotes":""},"class_list":["post-5685","page","type-page","status-publish","hentry"],"aioseo_notices":[],"_links":{"self":[{"href":"https:\/\/sbplaw.com.br\/en\/wp-json\/wp\/v2\/pages\/5685"}],"collection":[{"href":"https:\/\/sbplaw.com.br\/en\/wp-json\/wp\/v2\/pages"}],"about":[{"href":"https:\/\/sbplaw.com.br\/en\/wp-json\/wp\/v2\/types\/page"}],"author":[{"embeddable":true,"href":"https:\/\/sbplaw.com.br\/en\/wp-json\/wp\/v2\/users\/1"}],"replies":[{"embeddable":true,"href":"https:\/\/sbplaw.com.br\/en\/wp-json\/wp\/v2\/comments?post=5685"}],"version-history":[{"count":25,"href":"https:\/\/sbplaw.com.br\/en\/wp-json\/wp\/v2\/pages\/5685\/revisions"}],"predecessor-version":[{"id":6186,"href":"https:\/\/sbplaw.com.br\/en\/wp-json\/wp\/v2\/pages\/5685\/revisions\/6186"}],"wp:attachment":[{"href":"https:\/\/sbplaw.com.br\/en\/wp-json\/wp\/v2\/media?parent=5685"}],"curies":[{"name":"wp","href":"https:\/\/api.w.org\/{rel}","templated":true}]}}