{"id":5683,"date":"2024-08-06T21:56:41","date_gmt":"2024-08-07T00:56:41","guid":{"rendered":"https:\/\/sbplaw.com.br\/?page_id=5683"},"modified":"2024-09-25T10:38:04","modified_gmt":"2024-09-25T13:38:04","slug":"tributaria","status":"publish","type":"page","link":"https:\/\/sbplaw.com.br\/en\/tributaria\/","title":{"rendered":"Tribut\u00e1ria"},"content":{"rendered":"<div data-elementor-type=\"wp-page\" data-elementor-id=\"5683\" class=\"elementor elementor-5683\" data-elementor-post-type=\"page\">\n\t\t\t\t<div class=\"elementor-element elementor-element-46cc792 e-flex e-con-boxed e-con e-parent\" data-id=\"46cc792\" data-element_type=\"container\" data-e-type=\"container\" data-settings=\"{&quot;background_background&quot;:&quot;classic&quot;}\">\n\t\t\t\t\t<div class=\"e-con-inner\">\n\t\t<div class=\"elementor-element elementor-element-8cf1482 e-con-full e-flex e-con e-child\" data-id=\"8cf1482\" data-element_type=\"container\" data-e-type=\"container\" data-settings=\"{&quot;animation&quot;:&quot;none&quot;,&quot;animation_delay&quot;:200}\">\n\t\t\t\t<div class=\"elementor-element elementor-element-9a88b48 elementor-widget elementor-widget-heading\" data-id=\"9a88b48\" data-element_type=\"widget\" data-e-type=\"widget\" data-settings=\"{&quot;_animation&quot;:&quot;none&quot;}\" data-widget_type=\"heading.default\">\n\t\t\t\t<div class=\"elementor-widget-container\">\n\t\t\t\t\t<h2 class=\"elementor-heading-title elementor-size-default\">\u00c1reas de Atua\u00e7\u00e3o<\/h2>\t\t\t\t<\/div>\n\t\t\t\t<\/div>\n\t\t\t\t<\/div>\n\t\t\t\t\t<\/div>\n\t\t\t\t<\/div>\n\t\t<div class=\"elementor-element elementor-element-9bf6fe8 e-flex e-con-boxed e-con e-parent\" data-id=\"9bf6fe8\" data-element_type=\"container\" data-e-type=\"container\">\n\t\t\t\t\t<div class=\"e-con-inner\">\n\t\t\t\t<div class=\"elementor-element elementor-element-de4923f elementor-widget elementor-widget-heading\" data-id=\"de4923f\" data-element_type=\"widget\" data-e-type=\"widget\" data-widget_type=\"heading.default\">\n\t\t\t\t<div class=\"elementor-widget-container\">\n\t\t\t\t\t<h2 class=\"elementor-heading-title elementor-size-default\">Tribut\u00e1ria<\/h2>\t\t\t\t<\/div>\n\t\t\t\t<\/div>\n\t\t\t\t<div class=\"elementor-element elementor-element-2e69229 elementor-widget elementor-widget-text-editor\" data-id=\"2e69229\" data-element_type=\"widget\" data-e-type=\"widget\" data-widget_type=\"text-editor.default\">\n\t\t\t\t<div class=\"elementor-widget-container\">\n\t\t\t\t\t\t\t\t\t<p>Nossa equipe \u00e9 altamente especializada e experiente, com anos de atua\u00e7\u00e3o na advocacia e consultoria tribut\u00e1ria, aduaneira e previdenci\u00e1ria. O objetivo \u00e9 entender o neg\u00f3cio do cliente para criar solu\u00e7\u00f5es personalizadas que reduzam os impactos fiscais.<\/p><p><strong>Servi\u00e7os que oferecemos:<\/strong><\/p>\t\t\t\t\t\t\t\t<\/div>\n\t\t\t\t<\/div>\n\t\t<div class=\"elementor-element elementor-element-1ada3fd e-grid e-con-boxed e-con e-child\" data-id=\"1ada3fd\" data-element_type=\"container\" data-e-type=\"container\">\n\t\t\t\t\t<div class=\"e-con-inner\">\n\t\t\t\t<div class=\"elementor-element elementor-element-c5ec588 elementor-widget elementor-widget-text-editor\" data-id=\"c5ec588\" data-element_type=\"widget\" data-e-type=\"widget\" data-widget_type=\"text-editor.default\">\n\t\t\t\t<div class=\"elementor-widget-container\">\n\t\t\t\t\t\t\t\t\t<p><span style=\"font-weight: bold; color: #0a4e9b;\">| CONSULTORIA TRIBUT\u00c1RIA<\/span><b><br \/><\/b>Nossa equipe assessora clientes nacionais e estrangeiros na aplica\u00e7\u00e3o das normas de tributa\u00e7\u00e3o federal, estadual e municipal, no planejamento tribut\u00e1rio e na avalia\u00e7\u00e3o de riscos, presta assessoria tribut\u00e1ria em grandes opera\u00e7\u00f5es societ\u00e1rias, e realiza a interpreta\u00e7\u00e3o da legisla\u00e7\u00e3o na reestrutura\u00e7\u00e3o fiscal e tribut\u00e1ria das empresas.<\/p>\t\t\t\t\t\t\t\t<\/div>\n\t\t\t\t<\/div>\n\t\t\t\t<div class=\"elementor-element elementor-element-f5eefa6 elementor-widget elementor-widget-text-editor\" data-id=\"f5eefa6\" data-element_type=\"widget\" data-e-type=\"widget\" data-widget_type=\"text-editor.default\">\n\t\t\t\t<div class=\"elementor-widget-container\">\n\t\t\t\t\t\t\t\t\t<p><span style=\"font-weight: bold; color: #0a4e9b;\">| CONTENCIOSO TRIBUT\u00c1RIO<\/span><b><br \/><\/b>Incluindo a\u00e7\u00f5es judiciais para discutir a ilegalidade e\/ou inconstitucionalidade de qualquer imposto ou ato praticado pelas autoridades fiscais, bem como disputas administrativas e judiciais decorrentes de autua\u00e7\u00f5es fiscais no \u00e2mbito municipal, estadual e federal. Temos ampla experi\u00eancia perante todos os tribunais brasileiros, especialmente os Tribunais Administrativos, Tribunais Estaduais e Federais, Superior Tribunal de Justi\u00e7a e Supremo Tribunal Federal.<\/p>\t\t\t\t\t\t\t\t<\/div>\n\t\t\t\t<\/div>\n\t\t\t\t\t<\/div>\n\t\t\t\t<\/div>\n\t\t\t\t<div class=\"elementor-element elementor-element-ed34536 elementor-widget elementor-widget-text-editor\" data-id=\"ed34536\" data-element_type=\"widget\" data-e-type=\"widget\" data-widget_type=\"text-editor.default\">\n\t\t\t\t<div class=\"elementor-widget-container\">\n\t\t\t\t\t\t\t\t\t<p><strong>Servi\u00e7os detalhados:<\/strong><\/p>\t\t\t\t\t\t\t\t<\/div>\n\t\t\t\t<\/div>\n\t\t<div class=\"elementor-element elementor-element-4c1bb8c e-con-full e-grid e-con e-child\" data-id=\"4c1bb8c\" data-element_type=\"container\" data-e-type=\"container\" data-settings=\"{&quot;background_background&quot;:&quot;classic&quot;}\">\n\t\t<div class=\"elementor-element elementor-element-a7553ae e-con-full e-flex e-con e-child\" data-id=\"a7553ae\" data-element_type=\"container\" data-e-type=\"container\" data-settings=\"{&quot;background_background&quot;:&quot;classic&quot;}\">\n\t\t\t\t<div class=\"elementor-element elementor-element-09f2496 elementor-widget elementor-widget-heading\" data-id=\"09f2496\" data-element_type=\"widget\" data-e-type=\"widget\" data-widget_type=\"heading.default\">\n\t\t\t\t<div class=\"elementor-widget-container\">\n\t\t\t\t\t<h2 class=\"elementor-heading-title elementor-size-default\">PLANEJAMENTO TRIBUT\u00c1RIO\n<\/h2>\t\t\t\t<\/div>\n\t\t\t\t<\/div>\n\t\t\t\t<div class=\"elementor-element elementor-element-3ab96f1 elementor-widget elementor-widget-text-editor\" data-id=\"3ab96f1\" data-element_type=\"widget\" data-e-type=\"widget\" data-widget_type=\"text-editor.default\">\n\t\t\t\t<div class=\"elementor-widget-container\">\n\t\t\t\t\t\t\t\t\t<p>\u2022 An\u00e1lise e reestrutura\u00e7\u00e3o de cadeias de suprimentos;<br \/>\u2022 Regimes e benef\u00edcios fiscais especiais;<br \/>\u2022 Estrutura\u00e7\u00e3o de opera\u00e7\u00f5es societ\u00e1rias e financeiras;<br \/>\u2022 Assessoria para investimentos estrangeiros;<br \/>\u2022 Levantamento de cr\u00e9ditos e revis\u00e3o fiscal.<\/p>\t\t\t\t\t\t\t\t<\/div>\n\t\t\t\t<\/div>\n\t\t\t\t<\/div>\n\t\t<div class=\"elementor-element elementor-element-c9d6b25 e-con-full e-flex e-con e-child\" data-id=\"c9d6b25\" data-element_type=\"container\" data-e-type=\"container\" data-settings=\"{&quot;background_background&quot;:&quot;classic&quot;}\">\n\t\t\t\t<div class=\"elementor-element elementor-element-1cbd4b2 elementor-widget elementor-widget-heading\" data-id=\"1cbd4b2\" data-element_type=\"widget\" data-e-type=\"widget\" data-widget_type=\"heading.default\">\n\t\t\t\t<div class=\"elementor-widget-container\">\n\t\t\t\t\t<h2 class=\"elementor-heading-title elementor-size-default\">CONSULTORIA TRIBUT\u00c1RIA\n<\/h2>\t\t\t\t<\/div>\n\t\t\t\t<\/div>\n\t\t\t\t<div class=\"elementor-element elementor-element-fb30065 elementor-widget elementor-widget-text-editor\" data-id=\"fb30065\" data-element_type=\"widget\" data-e-type=\"widget\" data-widget_type=\"text-editor.default\">\n\t\t\t\t<div class=\"elementor-widget-container\">\n\t\t\t\t\t\t\t\t\t<p>\u2022 Impostos diretos e indiretos;<br \/>\u2022 Assist\u00eancia para consultas de rotina;<br \/>\u2022 Com\u00e9rcio exterior e obriga\u00e7\u00f5es acess\u00f3rias.<\/p>\t\t\t\t\t\t\t\t<\/div>\n\t\t\t\t<\/div>\n\t\t\t\t<\/div>\n\t\t<div class=\"elementor-element elementor-element-3687cf2 e-con-full e-flex e-con e-child\" data-id=\"3687cf2\" data-element_type=\"container\" data-e-type=\"container\" data-settings=\"{&quot;background_background&quot;:&quot;classic&quot;}\">\n\t\t\t\t<div class=\"elementor-element elementor-element-e851341 elementor-widget elementor-widget-heading\" data-id=\"e851341\" data-element_type=\"widget\" data-e-type=\"widget\" data-widget_type=\"heading.default\">\n\t\t\t\t<div class=\"elementor-widget-container\">\n\t\t\t\t\t<h2 class=\"elementor-heading-title elementor-size-default\">CONTENCIOSO TRIBUT\u00c1RIO\n<\/h2>\t\t\t\t<\/div>\n\t\t\t\t<\/div>\n\t\t\t\t<div class=\"elementor-element elementor-element-63e6597 elementor-widget elementor-widget-text-editor\" data-id=\"63e6597\" data-element_type=\"widget\" data-e-type=\"widget\" data-widget_type=\"text-editor.default\">\n\t\t\t\t<div class=\"elementor-widget-container\">\n\t\t\t\t\t\t\t\t\t<p>\u2022 Gest\u00e3o de conting\u00eancias e recupera\u00e7\u00e3o de cr\u00e9ditos tribut\u00e1rios;<br \/>\u2022 Processos estrat\u00e9gicos e demandas espec\u00edficas;<br \/>\u2022 Mapeamento de passivos tribut\u00e1rios (due diligence);<br \/>\u2022 Obten\u00e7\u00e3o de certificados de regularidade fiscal;<br \/>\u2022 A atua\u00e7\u00e3o ocorre em todo o territ\u00f3rio nacional e no exterior, com uma rede s\u00f3lida de correspondentes.<\/p>\t\t\t\t\t\t\t\t<\/div>\n\t\t\t\t<\/div>\n\t\t\t\t<\/div>\n\t\t\t\t<\/div>\n\t\t\t\t<div class=\"elementor-element elementor-element-95369fb elementor-widget elementor-widget-menu-anchor\" data-id=\"95369fb\" data-element_type=\"widget\" data-e-type=\"widget\" data-widget_type=\"menu-anchor.default\">\n\t\t\t\t<div class=\"elementor-widget-container\">\n\t\t\t\t\t\t\t<div class=\"elementor-menu-anchor\" id=\"planejamento_patrimonial\"><\/div>\n\t\t\t\t\t\t<\/div>\n\t\t\t\t<\/div>\n\t\t\t\t\t<\/div>\n\t\t\t\t<\/div>\n\t\t\t\t<\/div>","protected":false},"excerpt":{"rendered":"<p>\u00c1reas de Atua\u00e7\u00e3o Tribut\u00e1ria Nossa equipe \u00e9 altamente especializada e experiente, com anos de atua\u00e7\u00e3o na advocacia e consultoria tribut\u00e1ria, aduaneira e previdenci\u00e1ria. O objetivo \u00e9 entender o neg\u00f3cio do cliente para criar solu\u00e7\u00f5es personalizadas que reduzam os impactos fiscais. Servi\u00e7os que oferecemos: | CONSULTORIA TRIBUT\u00c1RIANossa equipe assessora clientes nacionais e estrangeiros na aplica\u00e7\u00e3o das [&hellip;]<\/p>","protected":false},"author":1,"featured_media":0,"parent":0,"menu_order":0,"comment_status":"closed","ping_status":"closed","template":"","meta":{"site-sidebar-layout":"no-sidebar","site-content-layout":"page-builder","ast-site-content-layout":"full-width-container","site-content-style":"default","site-sidebar-style":"default","ast-global-header-display":"","ast-banner-title-visibility":"","ast-main-header-display":"","ast-hfb-above-header-display":"","ast-hfb-below-header-display":"","ast-hfb-mobile-header-display":"","site-post-title":"disabled","ast-breadcrumbs-content":"","ast-featured-img":"disabled","footer-sml-layout":"","ast-disable-related-posts":"","theme-transparent-header-meta":"","adv-header-id-meta":"","stick-header-meta":"","header-above-stick-meta":"","header-main-stick-meta":"","header-below-stick-meta":"","astra-migrate-meta-layouts":"set","ast-page-background-enabled":"default","ast-page-background-meta":{"desktop":{"background-color":"var(--ast-global-color-4)","background-image":"","background-repeat":"repeat","background-position":"center center","background-size":"auto","background-attachment":"scroll","background-type":"","background-media":"","overlay-type":"","overlay-color":"","overlay-opacity":"","overlay-gradient":""},"tablet":{"background-color":"","background-image":"","background-repeat":"repeat","background-position":"center center","background-size":"auto","background-attachment":"scroll","background-type":"","background-media":"","overlay-type":"","overlay-color":"","overlay-opacity":"","overlay-gradient":""},"mobile":{"background-color":"","background-image":"","background-repeat":"repeat","background-position":"center center","background-size":"auto","background-attachment":"scroll","background-type":"","background-media":"","overlay-type":"","overlay-color":"","overlay-opacity":"","overlay-gradient":""}},"ast-content-background-meta":{"desktop":{"background-color":"var(--ast-global-color-5)","background-image":"","background-repeat":"repeat","background-position":"center center","background-size":"auto","background-attachment":"scroll","background-type":"","background-media":"","overlay-type":"","overlay-color":"","overlay-opacity":"","overlay-gradient":""},"tablet":{"background-color":"var(--ast-global-color-5)","background-image":"","background-repeat":"repeat","background-position":"center center","background-size":"auto","background-attachment":"scroll","background-type":"","background-media":"","overlay-type":"","overlay-color":"","overlay-opacity":"","overlay-gradient":""},"mobile":{"background-color":"var(--ast-global-color-5)","background-image":"","background-repeat":"repeat","background-position":"center center","background-size":"auto","background-attachment":"scroll","background-type":"","background-media":"","overlay-type":"","overlay-color":"","overlay-opacity":"","overlay-gradient":""}},"footnotes":""},"class_list":["post-5683","page","type-page","status-publish","hentry"],"aioseo_notices":[],"_links":{"self":[{"href":"https:\/\/sbplaw.com.br\/en\/wp-json\/wp\/v2\/pages\/5683"}],"collection":[{"href":"https:\/\/sbplaw.com.br\/en\/wp-json\/wp\/v2\/pages"}],"about":[{"href":"https:\/\/sbplaw.com.br\/en\/wp-json\/wp\/v2\/types\/page"}],"author":[{"embeddable":true,"href":"https:\/\/sbplaw.com.br\/en\/wp-json\/wp\/v2\/users\/1"}],"replies":[{"embeddable":true,"href":"https:\/\/sbplaw.com.br\/en\/wp-json\/wp\/v2\/comments?post=5683"}],"version-history":[{"count":28,"href":"https:\/\/sbplaw.com.br\/en\/wp-json\/wp\/v2\/pages\/5683\/revisions"}],"predecessor-version":[{"id":6195,"href":"https:\/\/sbplaw.com.br\/en\/wp-json\/wp\/v2\/pages\/5683\/revisions\/6195"}],"wp:attachment":[{"href":"https:\/\/sbplaw.com.br\/en\/wp-json\/wp\/v2\/media?parent=5683"}],"curies":[{"name":"wp","href":"https:\/\/api.w.org\/{rel}","templated":true}]}}